{"id":142,"date":"2025-08-27T11:39:26","date_gmt":"2025-08-27T09:39:26","guid":{"rendered":"https:\/\/school.thegoodtee.shop\/?post_type=product&#038;p=142"},"modified":"2025-09-03T13:24:12","modified_gmt":"2025-09-03T11:24:12","slug":"t-shirt-stanley-stella-creator-2-0","status":"publish","type":"product","link":"https:\/\/school.thegoodtee.shop\/index.php\/produit\/t-shirt-stanley-stella-creator-2-0\/","title":{"rendered":"T-shirt &#8211; Stanley\/Stella Creator 2.0"},"content":{"rendered":"<p><strong>Description<\/strong><br \/>\nManches mont\u00e9es<br \/>\nC\u00f4tes 1&#215;1 au col<br \/>\nBande de nuque int\u00e9rieure dans la mati\u00e8re principale<br \/>\nSurpiq\u00fbre \u00e0 2 aiguilles au poignet et \u00e0 l&rsquo;ourlet<br \/>\nComposition<br \/>\nShell: Jersey simple, 100\u202f% coton \u2013 Combed Ring Spun biologique<\/p>\n","protected":false},"excerpt":{"rendered":"<p>Le t-shirt unisexe iconique<br \/>\nFit: Medium Fit<br \/>\nTaille: XXS &#8211; 5XL<br \/>\nPoids: 180 GSM<br \/>\n<a href=\"https:\/\/school.thegoodtee.shop\/wp-content\/uploads\/2025\/08\/CREATOR-2.0-STTU169.pdf\" target=\"_blank\" rel=\"noopener\">Guide des tailles<\/a><\/p>\n","protected":false},"featured_media":193,"comment_status":"open","ping_status":"closed","template":"","meta":[],"product_brand":[27],"product_cat":[28,17],"product_tag":[],"class_list":{"0":"post-142","1":"product","2":"type-product","3":"status-publish","4":"has-post-thumbnail","6":"product_brand-stanley-stella","7":"product_cat-t-shirt","8":"product_cat-vetements","10":"first","11":"instock","12":"shipping-taxable","13":"purchasable","14":"product-type-variable","15":"has-default-attributes"},"_links":{"self":[{"href":"https:\/\/school.thegoodtee.shop\/index.php\/wp-json\/wp\/v2\/product\/142","targetHints":{"allow":["GET"]}}],"collection":[{"href":"https:\/\/school.thegoodtee.shop\/index.php\/wp-json\/wp\/v2\/product"}],"about":[{"href":"https:\/\/school.thegoodtee.shop\/index.php\/wp-json\/wp\/v2\/types\/product"}],"replies":[{"embeddable":true,"href":"https:\/\/school.thegoodtee.shop\/index.php\/wp-json\/wp\/v2\/comments?post=142"}],"wp:featuredmedia":[{"embeddable":true,"href":"https:\/\/school.thegoodtee.shop\/index.php\/wp-json\/wp\/v2\/media\/193"}],"wp:attachment":[{"href":"https:\/\/school.thegoodtee.shop\/index.php\/wp-json\/wp\/v2\/media?parent=142"}],"wp:term":[{"taxonomy":"product_brand","embeddable":true,"href":"https:\/\/school.thegoodtee.shop\/index.php\/wp-json\/wp\/v2\/product_brand?post=142"},{"taxonomy":"product_cat","embeddable":true,"href":"https:\/\/school.thegoodtee.shop\/index.php\/wp-json\/wp\/v2\/product_cat?post=142"},{"taxonomy":"product_tag","embeddable":true,"href":"https:\/\/school.thegoodtee.shop\/index.php\/wp-json\/wp\/v2\/product_tag?post=142"}],"curies":[{"name":"wp","href":"https:\/\/api.w.org\/{rel}","templated":true}]}}